{"id":222,"date":"2024-09-04T19:15:15","date_gmt":"2024-09-04T19:15:15","guid":{"rendered":"https:\/\/www.psychiatrie-kadusic.ch\/?page_id=222"},"modified":"2024-09-04T19:18:00","modified_gmt":"2024-09-04T19:18:00","slug":"elementor-222","status":"publish","type":"page","link":"https:\/\/www.psychiatrie-kadusic.ch\/index.php\/elementor-222\/","title":{"rendered":"Datenschutzerkl\u00e4rung"},"content":{"rendered":"\t\t<div data-elementor-type=\"wp-page\" data-elementor-id=\"222\" class=\"elementor elementor-222\">\n\t\t\t\t<div class=\"elementor-element elementor-element-6114791 e-flex e-con-boxed wpr-particle-no wpr-jarallax-no wpr-parallax-no wpr-sticky-section-no e-con e-parent\" data-id=\"6114791\" data-element_type=\"container\" data-settings=\"{&quot;_ha_eqh_enable&quot;:false}\">\n\t\t\t\t\t<div class=\"e-con-inner\">\n\t\t\t\t<div class=\"elementor-element elementor-element-0c63828 elementor-widget elementor-widget-text-editor\" data-id=\"0c63828\" data-element_type=\"widget\" data-widget_type=\"text-editor.default\">\n\t\t\t\t<div class=\"elementor-widget-container\">\n\t\t\t\t\t\t\t<h2><strong>Datenschutzerkl\u00e4rung<\/strong><\/h2><p><strong>1. Verantwortliche Stelle<\/strong><\/p><p>Psychiatrie-Kadusic<br \/>Stationsstrasse 20, 8105 Regensdorf<br \/>Zofingen Henzmanstrasse 39b<br \/>info@psychiatrie-kadusic.ch<br \/>+41 76 696 93 89 <\/p><p><strong>2. Allgemeine Hinweise<\/strong><\/p><p>Der Schutz Ihrer pers\u00f6nlichen Daten ist uns ein besonderes Anliegen. Wir behandeln Ihre personenbezogenen Daten vertraulich und entsprechend den gesetzlichen Datenschutzvorschriften der Schweiz sowie dieser Datenschutzerkl\u00e4rung.<\/p><p><strong>3. Datenerfassung auf unserer Website<\/strong><\/p><p>Unsere Website dient ausschlie\u00dflich der Bereitstellung von Informationen \u00fcber unsere Dienstleistungen. Wir erfassen keine personenbezogenen Daten automatisch beim Besuch unserer Website.<\/p><p><strong>4. Kontaktformular<\/strong><\/p><p>Wenn Sie uns \u00fcber das Kontaktformular Anfragen zukommen lassen, werden Ihre Angaben aus dem Anfrageformular, einschlie\u00dflich der von Ihnen dort angegebenen Kontaktdaten, zwecks Bearbeitung der Anfrage und f\u00fcr den Fall von Anschlussfragen bei uns gespeichert. Diese Daten geben wir nicht ohne Ihre Einwilligung weiter.<\/p><p><strong>5. Keine Weitergabe von Daten<\/strong><\/p><p>Ihre pers\u00f6nlichen Daten werden ohne Ihre ausdr\u00fcckliche Zustimmung nicht an Dritte weitergegeben, es sei denn, dies ist gesetzlich vorgeschrieben.<\/p><p><strong>6. Ihre Rechte<\/strong><\/p><p>Sie haben das Recht, jederzeit Auskunft \u00fcber die von uns \u00fcber Sie gespeicherten personenbezogenen Daten zu erhalten, deren Berichtigung, Sperrung oder L\u00f6schung zu verlangen. Hierzu sowie zu weiteren Fragen zum Thema Datenschutz k\u00f6nnen Sie sich jederzeit unter der oben angegebenen Adresse an uns wenden.<\/p><p><strong>7. \u00c4nderungen dieser Datenschutzerkl\u00e4rung<\/strong><\/p><p>Wir behalten uns das Recht vor, diese Datenschutzerkl\u00e4rung bei Bedarf anzupassen, um den aktuellen rechtlichen Anforderungen zu entsprechen oder \u00c4nderungen unserer Dienstleistungen in der Datenschutzerkl\u00e4rung umzusetzen. F\u00fcr Ihren erneuten Besuch gilt dann die neue Datenschutzerkl\u00e4rung.<\/p><p><strong>8. Kontakt<\/strong><\/p><p>Bei Fragen zum Datenschutz wenden Sie sich bitte an uns unter den oben genannten Kontaktinformationen.<\/p>\t\t\t\t\t\t<\/div>\n\t\t\t\t<\/div>\n\t\t\t\t\t<\/div>\n\t\t\t\t<\/div>\n\t\t\t\t<\/div>\n\t\t","protected":false},"excerpt":{"rendered":"<p>Datenschutzerkl\u00e4rung 1. Verantwortliche Stelle Psychiatrie-KadusicStationsstrasse 20, 8105 RegensdorfZofingen Henzmanstrasse 39binfo@psychiatrie-kadusic.ch+41 76 696 93 89 2. Allgemeine Hinweise Der Schutz Ihrer pers\u00f6nlichen Daten ist uns ein besonderes Anliegen. Wir behandeln Ihre personenbezogenen Daten vertraulich und entsprechend den gesetzlichen Datenschutzvorschriften der Schweiz sowie dieser Datenschutzerkl\u00e4rung. 3. Datenerfassung auf unserer Website Unsere Website dient ausschlie\u00dflich der Bereitstellung von Informationen \u00fcber unsere Dienstleistungen. Wir erfassen keine personenbezogenen Daten automatisch beim Besuch unserer Website. 4. Kontaktformular Wenn Sie uns \u00fcber das Kontaktformular Anfragen zukommen lassen, werden Ihre Angaben aus dem Anfrageformular, einschlie\u00dflich der von Ihnen dort angegebenen Kontaktdaten, zwecks Bearbeitung der Anfrage und f\u00fcr den Fall von Anschlussfragen bei uns gespeichert. Diese Daten geben wir nicht ohne Ihre Einwilligung weiter. 5. Keine Weitergabe von Daten Ihre pers\u00f6nlichen Daten werden ohne Ihre ausdr\u00fcckliche Zustimmung nicht an Dritte weitergegeben, es sei denn, dies ist gesetzlich vorgeschrieben. 6. Ihre Rechte Sie haben das Recht, jederzeit Auskunft \u00fcber die von uns \u00fcber Sie gespeicherten personenbezogenen Daten zu erhalten, deren Berichtigung, Sperrung oder L\u00f6schung zu verlangen. Hierzu sowie zu weiteren Fragen zum Thema Datenschutz k\u00f6nnen Sie sich jederzeit unter der oben angegebenen Adresse an uns wenden. 7. \u00c4nderungen dieser Datenschutzerkl\u00e4rung Wir behalten uns das Recht vor, diese Datenschutzerkl\u00e4rung bei Bedarf anzupassen, um den aktuellen rechtlichen Anforderungen zu entsprechen oder \u00c4nderungen unserer Dienstleistungen in der Datenschutzerkl\u00e4rung umzusetzen. F\u00fcr Ihren erneuten Besuch gilt dann die neue Datenschutzerkl\u00e4rung. 8. Kontakt Bei Fragen zum Datenschutz wenden Sie sich bitte an uns unter den oben genannten Kontaktinformationen.<\/p>\n","protected":false},"author":3,"featured_media":0,"parent":0,"menu_order":0,"comment_status":"closed","ping_status":"closed","template":"","meta":{"site-sidebar-layout":"no-sidebar","site-content-layout":"","ast-site-content-layout":"full-width-container","site-content-style":"default","site-sidebar-style":"default","ast-global-header-display":"","ast-banner-title-visibility":"","ast-main-header-display":"","ast-hfb-above-header-display":"","ast-hfb-below-header-display":"","ast-hfb-mobile-header-display":"","site-post-title":"disabled","ast-breadcrumbs-content":"","ast-featured-img":"disabled","footer-sml-layout":"","theme-transparent-header-meta":"","adv-header-id-meta":"","stick-header-meta":"","header-above-stick-meta":"","header-main-stick-meta":"","header-below-stick-meta":"","astra-migrate-meta-layouts":"default","ast-page-background-enabled":"default","ast-page-background-meta":{"desktop":{"background-color":"var(--ast-global-color-4)","background-image":"","background-repeat":"repeat","background-position":"center center","background-size":"auto","background-attachment":"scroll","background-type":"","background-media":"","overlay-type":"","overlay-color":"","overlay-opacity":"","overlay-gradient":""},"tablet":{"background-color":"","background-image":"","background-repeat":"repeat","background-position":"center center","background-size":"auto","background-attachment":"scroll","background-type":"","background-media":"","overlay-type":"","overlay-color":"","overlay-opacity":"","overlay-gradient":""},"mobile":{"background-color":"","background-image":"","background-repeat":"repeat","background-position":"center center","background-size":"auto","background-attachment":"scroll","background-type":"","background-media":"","overlay-type":"","overlay-color":"","overlay-opacity":"","overlay-gradient":""}},"ast-content-background-meta":{"desktop":{"background-color":"var(--ast-global-color-5)","background-image":"","background-repeat":"repeat","background-position":"center center","background-size":"auto","background-attachment":"scroll","background-type":"","background-media":"","overlay-type":"","overlay-color":"","overlay-opacity":"","overlay-gradient":""},"tablet":{"background-color":"var(--ast-global-color-5)","background-image":"","background-repeat":"repeat","background-position":"center center","background-size":"auto","background-attachment":"scroll","background-type":"","background-media":"","overlay-type":"","overlay-color":"","overlay-opacity":"","overlay-gradient":""},"mobile":{"background-color":"var(--ast-global-color-5)","background-image":"","background-repeat":"repeat","background-position":"center center","background-size":"auto","background-attachment":"scroll","background-type":"","background-media":"","overlay-type":"","overlay-color":"","overlay-opacity":"","overlay-gradient":""}},"footnotes":""},"class_list":["post-222","page","type-page","status-publish","hentry"],"jetpack_sharing_enabled":true,"_links":{"self":[{"href":"https:\/\/www.psychiatrie-kadusic.ch\/index.php\/wp-json\/wp\/v2\/pages\/222","targetHints":{"allow":["GET"]}}],"collection":[{"href":"https:\/\/www.psychiatrie-kadusic.ch\/index.php\/wp-json\/wp\/v2\/pages"}],"about":[{"href":"https:\/\/www.psychiatrie-kadusic.ch\/index.php\/wp-json\/wp\/v2\/types\/page"}],"author":[{"embeddable":true,"href":"https:\/\/www.psychiatrie-kadusic.ch\/index.php\/wp-json\/wp\/v2\/users\/3"}],"replies":[{"embeddable":true,"href":"https:\/\/www.psychiatrie-kadusic.ch\/index.php\/wp-json\/wp\/v2\/comments?post=222"}],"version-history":[{"count":10,"href":"https:\/\/www.psychiatrie-kadusic.ch\/index.php\/wp-json\/wp\/v2\/pages\/222\/revisions"}],"predecessor-version":[{"id":277,"href":"https:\/\/www.psychiatrie-kadusic.ch\/index.php\/wp-json\/wp\/v2\/pages\/222\/revisions\/277"}],"wp:attachment":[{"href":"https:\/\/www.psychiatrie-kadusic.ch\/index.php\/wp-json\/wp\/v2\/media?parent=222"}],"curies":[{"name":"wp","href":"https:\/\/api.w.org\/{rel}","templated":true}]}}